{"id":2805,"date":"2025-07-15T15:47:43","date_gmt":"2025-07-15T15:47:43","guid":{"rendered":"https:\/\/ocwturkey.com\/?page_id=2805"},"modified":"2025-07-15T15:54:44","modified_gmt":"2025-07-15T15:54:44","slug":"2805-2","status":"publish","type":"page","link":"https:\/\/ocwturkey.com\/","title":{"rendered":"Web sayfam\u0131z tasar\u0131m a\u015famas\u0131nda"},"content":{"rendered":"\n<figure class=\"wp-block-image alignwide size-large\"><img fetchpriority=\"high\" decoding=\"async\" width=\"1024\" height=\"576\" src=\"https:\/\/ocwturkey.com\/wp-content\/uploads\/2025\/07\/TASARIM-ASAMASIN-1024x576.jpg\" alt=\"\" class=\"wp-image-2806\" srcset=\"https:\/\/ocwturkey.com\/wp-content\/uploads\/2025\/07\/TASARIM-ASAMASIN-1024x576.jpg 1024w, https:\/\/ocwturkey.com\/wp-content\/uploads\/2025\/07\/TASARIM-ASAMASIN-300x169.jpg 300w, https:\/\/ocwturkey.com\/wp-content\/uploads\/2025\/07\/TASARIM-ASAMASIN-768x432.jpg 768w, https:\/\/ocwturkey.com\/wp-content\/uploads\/2025\/07\/TASARIM-ASAMASIN-1536x864.jpg 1536w, https:\/\/ocwturkey.com\/wp-content\/uploads\/2025\/07\/TASARIM-ASAMASIN.jpg 1920w\" sizes=\"(max-width: 1024px) 100vw, 1024px\" \/><\/figure>\n","protected":false},"excerpt":{"rendered":"","protected":false},"author":2,"featured_media":0,"parent":0,"menu_order":0,"comment_status":"closed","ping_status":"closed","template":"elementor_theme","meta":{"site-sidebar-layout":"default","site-content-layout":"","ast-site-content-layout":"default","site-content-style":"default","site-sidebar-style":"default","ast-global-header-display":"","ast-banner-title-visibility":"","ast-main-header-display":"","ast-hfb-above-header-display":"","ast-hfb-below-header-display":"","ast-hfb-mobile-header-display":"","site-post-title":"","ast-breadcrumbs-content":"","ast-featured-img":"","footer-sml-layout":"","theme-transparent-header-meta":"","adv-header-id-meta":"","stick-header-meta":"","header-above-stick-meta":"","header-main-stick-meta":"","header-below-stick-meta":"","astra-migrate-meta-layouts":"default","ast-page-background-enabled":"default","ast-page-background-meta":{"desktop":{"background-color":"var(--ast-global-color-4)","background-image":"","background-repeat":"repeat","background-position":"center center","background-size":"auto","background-attachment":"scroll","background-type":"","background-media":"","overlay-type":"","overlay-color":"","overlay-opacity":"","overlay-gradient":""},"tablet":{"background-color":"","background-image":"","background-repeat":"repeat","background-position":"center center","background-size":"auto","background-attachment":"scroll","background-type":"","background-media":"","overlay-type":"","overlay-color":"","overlay-opacity":"","overlay-gradient":""},"mobile":{"background-color":"","background-image":"","background-repeat":"repeat","background-position":"center center","background-size":"auto","background-attachment":"scroll","background-type":"","background-media":"","overlay-type":"","overlay-color":"","overlay-opacity":"","overlay-gradient":""}},"ast-content-background-meta":{"desktop":{"background-color":"var(--ast-global-color-5)","background-image":"","background-repeat":"repeat","background-position":"center center","background-size":"auto","background-attachment":"scroll","background-type":"","background-media":"","overlay-type":"","overlay-color":"","overlay-opacity":"","overlay-gradient":""},"tablet":{"background-color":"var(--ast-global-color-5)","background-image":"","background-repeat":"repeat","background-position":"center center","background-size":"auto","background-attachment":"scroll","background-type":"","background-media":"","overlay-type":"","overlay-color":"","overlay-opacity":"","overlay-gradient":""},"mobile":{"background-color":"var(--ast-global-color-5)","background-image":"","background-repeat":"repeat","background-position":"center center","background-size":"auto","background-attachment":"scroll","background-type":"","background-media":"","overlay-type":"","overlay-color":"","overlay-opacity":"","overlay-gradient":""}},"footnotes":""},"class_list":["post-2805","page","type-page","status-publish","hentry"],"_links":{"self":[{"href":"https:\/\/ocwturkey.com\/index.php\/wp-json\/wp\/v2\/pages\/2805","targetHints":{"allow":["GET"]}}],"collection":[{"href":"https:\/\/ocwturkey.com\/index.php\/wp-json\/wp\/v2\/pages"}],"about":[{"href":"https:\/\/ocwturkey.com\/index.php\/wp-json\/wp\/v2\/types\/page"}],"author":[{"embeddable":true,"href":"https:\/\/ocwturkey.com\/index.php\/wp-json\/wp\/v2\/users\/2"}],"replies":[{"embeddable":true,"href":"https:\/\/ocwturkey.com\/index.php\/wp-json\/wp\/v2\/comments?post=2805"}],"version-history":[{"count":2,"href":"https:\/\/ocwturkey.com\/index.php\/wp-json\/wp\/v2\/pages\/2805\/revisions"}],"predecessor-version":[{"id":2808,"href":"https:\/\/ocwturkey.com\/index.php\/wp-json\/wp\/v2\/pages\/2805\/revisions\/2808"}],"wp:attachment":[{"href":"https:\/\/ocwturkey.com\/index.php\/wp-json\/wp\/v2\/media?parent=2805"}],"curies":[{"name":"wp","href":"https:\/\/api.w.org\/{rel}","templated":true}]}}